{"id":17084,"date":"2025-03-12T09:44:50","date_gmt":"2025-03-12T09:44:50","guid":{"rendered":"https:\/\/duoveo.com\/?page_id=17084"},"modified":"2025-03-12T15:23:04","modified_gmt":"2025-03-12T15:23:04","slug":"supprimer-le-compte","status":"publish","type":"page","link":"https:\/\/duoveo.com\/fr\/supprimer-le-compte\/","title":{"rendered":"Supprimer mon compte"},"content":{"rendered":"\t\t<div data-elementor-type=\"wp-page\" data-elementor-id=\"17084\" class=\"elementor elementor-17084 elementor-17070\" data-elementor-post-type=\"page\">\n\t\t\t\t\t\t<section class=\"elementor-section elementor-top-section elementor-element elementor-element-7b4b4c2 elementor-section-height-min-height elementor-section-boxed elementor-section-height-default elementor-section-items-middle\" data-id=\"7b4b4c2\" data-element_type=\"section\" data-e-type=\"section\" data-settings=\"{&quot;background_background&quot;:&quot;classic&quot;}\">\n\t\t\t\t\t\t<div class=\"elementor-container elementor-column-gap-default\">\n\t\t\t\t\t<div class=\"elementor-column elementor-col-100 elementor-top-column elementor-element elementor-element-a19a53e\" data-id=\"a19a53e\" data-element_type=\"column\" data-e-type=\"column\">\n\t\t\t<div class=\"elementor-widget-wrap elementor-element-populated\">\n\t\t\t\t\t\t<div class=\"elementor-element elementor-element-4b1eeb2 elementor-widget elementor-widget-heading\" data-id=\"4b1eeb2\" data-element_type=\"widget\" data-e-type=\"widget\" data-widget_type=\"heading.default\">\n\t\t\t\t<div class=\"elementor-widget-container\">\n\t\t\t\t\t<h1 class=\"elementor-heading-title elementor-size-default\">Supprimer mon compte<\/h1>\t\t\t\t<\/div>\n\t\t\t\t<\/div>\n\t\t\t\t\t<\/div>\n\t\t<\/div>\n\t\t\t\t\t<\/div>\n\t\t<\/section>\n\t\t\t\t<section class=\"elementor-section elementor-top-section elementor-element elementor-element-7e72e64 elementor-section-boxed elementor-section-height-default elementor-section-height-default\" data-id=\"7e72e64\" data-element_type=\"section\" data-e-type=\"section\">\n\t\t\t\t\t\t<div class=\"elementor-container elementor-column-gap-default\">\n\t\t\t\t\t<div class=\"elementor-column elementor-col-100 elementor-top-column elementor-element elementor-element-b0eae64\" data-id=\"b0eae64\" data-element_type=\"column\" data-e-type=\"column\">\n\t\t\t<div class=\"elementor-widget-wrap elementor-element-populated\">\n\t\t\t\t\t\t<div class=\"elementor-element elementor-element-0fd2e22 elementor-widget elementor-widget-text-editor\" data-id=\"0fd2e22\" data-element_type=\"widget\" data-e-type=\"widget\" data-widget_type=\"text-editor.default\">\n\t\t\t\t<div class=\"elementor-widget-container\">\n\t\t\t\t\t\t\t\t\t<p>Cher utilisateur,<\/p>\n<p>Pour supprimer votre compte, vous avez deux possibilit\u00e9s :<\/p>\n<ol>\n<li>Remplissez ce formulaire ci-dessous.<\/li>\n<li>Utilisez l&rsquo;application en allant dans Param\u00e8tres et en s\u00e9lectionnant \u00ab\u00a0Supprimer le compte\u00a0\u00bb.<\/li>\n<\/ol>\n<p>Si vous choisissez de remplir le formulaire, vous recevrez un courriel de confirmation de votre demande. Apr\u00e8s confirmation, nous traiterons votre demande. Votre compte et toutes les donn\u00e9es personnelles qui y sont associ\u00e9es seront supprim\u00e9s dans les 15 jours (d\u00e9lai de gr\u00e2ce) suivant votre demande. Pendant le d\u00e9lai de gr\u00e2ce, vous pouvez mettre fin \u00e0 cette proc\u00e9dure en vous connectant \u00e0 votre compte et en envoyant un courriel \u00e0 &nbsp;pour annuler votre demande.   <\/p>\t\t\t\t\t\t\t\t<\/div>\n\t\t\t\t<\/div>\n\t\t\t\t<div class=\"elementor-element elementor-element-21770bd elementor-widget elementor-widget-text-editor\" data-id=\"21770bd\" data-element_type=\"widget\" data-e-type=\"widget\" data-widget_type=\"text-editor.default\">\n\t\t\t\t<div class=\"elementor-widget-container\">\n\t\t\t\t\t\t\t\t\t\n<div class=\"wpcf7 no-js\" id=\"wpcf7-f15249-o1\" lang=\"fr-FR\" dir=\"ltr\" data-wpcf7-id=\"15249\">\n<div class=\"screen-reader-response\"><p role=\"status\" aria-live=\"polite\" aria-atomic=\"true\"><\/p> <ul><\/ul><\/div>\n<form action=\"\/fr\/wp-json\/wp\/v2\/pages\/17084#wpcf7-f15249-o1\" method=\"post\" class=\"wpcf7-form init\" aria-label=\"Formulaire de contact\" novalidate=\"novalidate\" data-status=\"init\">\n<fieldset class=\"hidden-fields-container\"><input type=\"hidden\" name=\"_wpcf7\" value=\"15249\" \/><input type=\"hidden\" name=\"_wpcf7_version\" value=\"6.1.5\" \/><input type=\"hidden\" name=\"_wpcf7_locale\" value=\"fr_FR\" \/><input type=\"hidden\" name=\"_wpcf7_unit_tag\" value=\"wpcf7-f15249-o1\" \/><input type=\"hidden\" name=\"_wpcf7_container_post\" value=\"0\" \/><input type=\"hidden\" name=\"_wpcf7_posted_data_hash\" value=\"\" \/><input type=\"hidden\" name=\"_wpcf7_recaptcha_response\" value=\"\" \/>\n<\/fieldset>\n<p><label> Votre nom :<br \/>\n<span class=\"wpcf7-form-control-wrap\" data-name=\"your-name\"><input size=\"40\" maxlength=\"400\" class=\"wpcf7-form-control wpcf7-text wpcf7-validates-as-required\" aria-required=\"true\" aria-invalid=\"false\" value=\"\" type=\"text\" name=\"your-name\" \/><\/span> <\/label>\n<\/p>\n<p><label> Votre email :<br \/>\n<span class=\"wpcf7-form-control-wrap\" data-name=\"your-email\"><input size=\"40\" maxlength=\"400\" class=\"wpcf7-form-control wpcf7-email wpcf7-validates-as-required wpcf7-text wpcf7-validates-as-email\" aria-required=\"true\" aria-invalid=\"false\" value=\"\" type=\"email\" name=\"your-email\" \/><\/span> <\/label>\n<\/p>\n<p><span class=\"wpcf7-form-control-wrap\" data-name=\"menu-886\"><select class=\"wpcf7-form-control wpcf7-select wpcf7-validates-as-required\" aria-required=\"true\" aria-invalid=\"false\" name=\"menu-886\"><option value=\"Je ne trouve plus l&#039;application utile.\">Je ne trouve plus l&#039;application utile.<\/option><option value=\"Je suis pr\u00e9occup\u00e9 par la protection de la vie priv\u00e9e.\">Je suis pr\u00e9occup\u00e9 par la protection de la vie priv\u00e9e.<\/option><option value=\"Je rencontre des probl\u00e8mes techniques.\">Je rencontre des probl\u00e8mes techniques.<\/option><option value=\"J&#039;ai trouv\u00e9 une meilleure alternative.\">J&#039;ai trouv\u00e9 une meilleure alternative.<\/option><option value=\"Je suis pr\u00e9occup\u00e9 par la s\u00e9curit\u00e9 des donn\u00e9es.\">Je suis pr\u00e9occup\u00e9 par la s\u00e9curit\u00e9 des donn\u00e9es.<\/option><option value=\"Je ne suis pas satisfait de l&#039;assistance \u00e0 la client\u00e8le.\">Je ne suis pas satisfait de l&#039;assistance \u00e0 la client\u00e8le.<\/option><option value=\"Autre (veuillez pr\u00e9ciser).\">Autre (veuillez pr\u00e9ciser).<\/option><\/select><\/span>\n<\/p>\n<p><label> Votre message : (facultatif)<br \/>\n<span class=\"wpcf7-form-control-wrap\" data-name=\"your-message\"><textarea cols=\"40\" rows=\"10\" maxlength=\"2000\" class=\"wpcf7-form-control wpcf7-textarea\" aria-invalid=\"false\" name=\"your-message\"><\/textarea><\/span> <\/label>\n<\/p>\n<p><input type=\"submit\" value=\"Envoyer\" class=\"custom-button\" \/>\n<\/p><div class=\"wpcf7-response-output\" aria-hidden=\"true\"><\/div>\n<\/form>\n<\/div>\n\t\t\t\t\t\t\t\t<\/div>\n\t\t\t\t<\/div>\n\t\t\t\t\t<\/div>\n\t\t<\/div>\n\t\t\t\t\t<\/div>\n\t\t<\/section>\n\t\t<div class=\"elementor-element elementor-element-8ca0412 e-flex e-con-boxed e-con e-parent\" data-id=\"8ca0412\" data-element_type=\"container\" data-e-type=\"container\">\n\t\t\t\t\t<div class=\"e-con-inner\">\n\t\t\t\t\t<\/div>\n\t\t\t\t<\/div>\n\t\t\t\t<\/div>\n\t\t","protected":false},"excerpt":{"rendered":"<p>Supprimer mon compte Cher utilisateur, Pour supprimer votre compte, vous avez deux possibilit\u00e9s : Remplissez ce formulaire ci-dessous. Utilisez l&rsquo;application en allant dans Param\u00e8tres et en s\u00e9lectionnant \u00ab\u00a0Supprimer le compte\u00a0\u00bb. Si vous choisissez de remplir le formulaire, vous recevrez un courriel de confirmation de votre demande. Apr\u00e8s confirmation, nous traiterons votre demande. Votre compte et [&hellip;]<\/p>\n","protected":false},"author":10,"featured_media":0,"parent":0,"menu_order":0,"comment_status":"closed","ping_status":"closed","template":"","meta":{"_eb_attr":"","_monsterinsights_skip_tracking":false,"_monsterinsights_sitenote_active":false,"_monsterinsights_sitenote_note":"","_monsterinsights_sitenote_category":0,"footnotes":""},"class_list":["post-17084","page","type-page","status-publish","hentry"],"yoast_head":"<!-- This site is optimized with the Yoast SEO Premium plugin v22.7 (Yoast SEO v27.4) - https:\/\/yoast.com\/product\/yoast-seo-premium-wordpress\/ -->\n<title>Supprimer mon compte - duoveo<\/title>\n<meta name=\"robots\" content=\"index, follow, max-snippet:-1, max-image-preview:large, max-video-preview:-1\" \/>\n<link rel=\"canonical\" href=\"https:\/\/duoveo.com\/fr\/supprimer-le-compte\/\" \/>\n<meta property=\"og:locale\" content=\"fr_FR\" \/>\n<meta property=\"og:type\" content=\"article\" \/>\n<meta property=\"og:title\" content=\"Supprimer mon compte - duoveo\" \/>\n<meta property=\"og:description\" content=\"Supprimer mon compte Cher utilisateur, Pour supprimer votre compte, vous avez deux possibilit\u00e9s : Remplissez ce formulaire ci-dessous. Utilisez l&rsquo;application en allant dans Param\u00e8tres et en s\u00e9lectionnant \u00ab\u00a0Supprimer le compte\u00a0\u00bb. Si vous choisissez de remplir le formulaire, vous recevrez un courriel de confirmation de votre demande. Apr\u00e8s confirmation, nous traiterons votre demande. Votre compte et [&hellip;]\" \/>\n<meta property=\"og:url\" content=\"https:\/\/duoveo.com\/fr\/supprimer-le-compte\/\" \/>\n<meta property=\"og:site_name\" content=\"duoveo\" \/>\n<meta property=\"article:publisher\" content=\"https:\/\/facebook.com\/duoveo\" \/>\n<meta property=\"article:modified_time\" content=\"2025-03-12T15:23:04+00:00\" \/>\n<meta property=\"og:image\" content=\"https:\/\/duoveo.com\/wp-content\/uploads\/2022\/03\/DuoVeo_logo-black_256.png\" \/>\n\t<meta property=\"og:image:width\" content=\"256\" \/>\n\t<meta property=\"og:image:height\" content=\"256\" \/>\n\t<meta property=\"og:image:type\" content=\"image\/png\" \/>\n<meta name=\"twitter:card\" content=\"summary_large_image\" \/>\n<meta name=\"twitter:label1\" content=\"Dur\u00e9e de lecture estim\u00e9e\" \/>\n\t<meta name=\"twitter:data1\" content=\"1 minute\" \/>\n<script type=\"application\/ld+json\" class=\"yoast-schema-graph\">{\"@context\":\"https:\\\/\\\/schema.org\",\"@graph\":[{\"@type\":\"WebPage\",\"@id\":\"https:\\\/\\\/duoveo.com\\\/fr\\\/supprimer-le-compte\\\/\",\"url\":\"https:\\\/\\\/duoveo.com\\\/fr\\\/supprimer-le-compte\\\/\",\"name\":\"Supprimer mon compte - duoveo\",\"isPartOf\":{\"@id\":\"https:\\\/\\\/duoveo.com\\\/fr\\\/#website\"},\"datePublished\":\"2025-03-12T09:44:50+00:00\",\"dateModified\":\"2025-03-12T15:23:04+00:00\",\"inLanguage\":\"fr-FR\",\"potentialAction\":[{\"@type\":\"ReadAction\",\"target\":[\"https:\\\/\\\/duoveo.com\\\/fr\\\/supprimer-le-compte\\\/\"]}]},{\"@type\":\"WebSite\",\"@id\":\"https:\\\/\\\/duoveo.com\\\/fr\\\/#website\",\"url\":\"https:\\\/\\\/duoveo.com\\\/fr\\\/\",\"name\":\"duoveo\",\"description\":\"Your story, beautifully told - Created with WordPress managed by IONOS\",\"publisher\":{\"@id\":\"https:\\\/\\\/duoveo.com\\\/fr\\\/#organization\"},\"potentialAction\":[{\"@type\":\"SearchAction\",\"target\":{\"@type\":\"EntryPoint\",\"urlTemplate\":\"https:\\\/\\\/duoveo.com\\\/fr\\\/?s={search_term_string}\"},\"query-input\":{\"@type\":\"PropertyValueSpecification\",\"valueRequired\":true,\"valueName\":\"search_term_string\"}}],\"inLanguage\":\"fr-FR\"},{\"@type\":\"Organization\",\"@id\":\"https:\\\/\\\/duoveo.com\\\/fr\\\/#organization\",\"name\":\"duoveo\",\"url\":\"https:\\\/\\\/duoveo.com\\\/fr\\\/\",\"logo\":{\"@type\":\"ImageObject\",\"inLanguage\":\"fr-FR\",\"@id\":\"https:\\\/\\\/duoveo.com\\\/fr\\\/#\\\/schema\\\/logo\\\/image\\\/\",\"url\":\"https:\\\/\\\/duoveo.com\\\/wp-content\\\/uploads\\\/2022\\\/03\\\/DuoVeo_logo-black_256.png\",\"contentUrl\":\"https:\\\/\\\/duoveo.com\\\/wp-content\\\/uploads\\\/2022\\\/03\\\/DuoVeo_logo-black_256.png\",\"width\":256,\"height\":256,\"caption\":\"duoveo\"},\"image\":{\"@id\":\"https:\\\/\\\/duoveo.com\\\/fr\\\/#\\\/schema\\\/logo\\\/image\\\/\"},\"sameAs\":[\"https:\\\/\\\/facebook.com\\\/duoveo\",\"https:\\\/\\\/www.instagram.com\\\/duo.veo\\\/\"]}]}<\/script>\n<!-- \/ Yoast SEO Premium plugin. -->","yoast_head_json":{"title":"Supprimer mon compte - duoveo","robots":{"index":"index","follow":"follow","max-snippet":"max-snippet:-1","max-image-preview":"max-image-preview:large","max-video-preview":"max-video-preview:-1"},"canonical":"https:\/\/duoveo.com\/fr\/supprimer-le-compte\/","og_locale":"fr_FR","og_type":"article","og_title":"Supprimer mon compte - duoveo","og_description":"Supprimer mon compte Cher utilisateur, Pour supprimer votre compte, vous avez deux possibilit\u00e9s : Remplissez ce formulaire ci-dessous. Utilisez l&rsquo;application en allant dans Param\u00e8tres et en s\u00e9lectionnant \u00ab\u00a0Supprimer le compte\u00a0\u00bb. Si vous choisissez de remplir le formulaire, vous recevrez un courriel de confirmation de votre demande. Apr\u00e8s confirmation, nous traiterons votre demande. Votre compte et [&hellip;]","og_url":"https:\/\/duoveo.com\/fr\/supprimer-le-compte\/","og_site_name":"duoveo","article_publisher":"https:\/\/facebook.com\/duoveo","article_modified_time":"2025-03-12T15:23:04+00:00","og_image":[{"width":256,"height":256,"url":"https:\/\/duoveo.com\/wp-content\/uploads\/2022\/03\/DuoVeo_logo-black_256.png","type":"image\/png"}],"twitter_card":"summary_large_image","twitter_misc":{"Dur\u00e9e de lecture estim\u00e9e":"1 minute"},"schema":{"@context":"https:\/\/schema.org","@graph":[{"@type":"WebPage","@id":"https:\/\/duoveo.com\/fr\/supprimer-le-compte\/","url":"https:\/\/duoveo.com\/fr\/supprimer-le-compte\/","name":"Supprimer mon compte - duoveo","isPartOf":{"@id":"https:\/\/duoveo.com\/fr\/#website"},"datePublished":"2025-03-12T09:44:50+00:00","dateModified":"2025-03-12T15:23:04+00:00","inLanguage":"fr-FR","potentialAction":[{"@type":"ReadAction","target":["https:\/\/duoveo.com\/fr\/supprimer-le-compte\/"]}]},{"@type":"WebSite","@id":"https:\/\/duoveo.com\/fr\/#website","url":"https:\/\/duoveo.com\/fr\/","name":"duoveo","description":"Your story, beautifully told - Created with WordPress managed by IONOS","publisher":{"@id":"https:\/\/duoveo.com\/fr\/#organization"},"potentialAction":[{"@type":"SearchAction","target":{"@type":"EntryPoint","urlTemplate":"https:\/\/duoveo.com\/fr\/?s={search_term_string}"},"query-input":{"@type":"PropertyValueSpecification","valueRequired":true,"valueName":"search_term_string"}}],"inLanguage":"fr-FR"},{"@type":"Organization","@id":"https:\/\/duoveo.com\/fr\/#organization","name":"duoveo","url":"https:\/\/duoveo.com\/fr\/","logo":{"@type":"ImageObject","inLanguage":"fr-FR","@id":"https:\/\/duoveo.com\/fr\/#\/schema\/logo\/image\/","url":"https:\/\/duoveo.com\/wp-content\/uploads\/2022\/03\/DuoVeo_logo-black_256.png","contentUrl":"https:\/\/duoveo.com\/wp-content\/uploads\/2022\/03\/DuoVeo_logo-black_256.png","width":256,"height":256,"caption":"duoveo"},"image":{"@id":"https:\/\/duoveo.com\/fr\/#\/schema\/logo\/image\/"},"sameAs":["https:\/\/facebook.com\/duoveo","https:\/\/www.instagram.com\/duo.veo\/"]}]}},"_links":{"self":[{"href":"https:\/\/duoveo.com\/fr\/wp-json\/wp\/v2\/pages\/17084","targetHints":{"allow":["GET"]}}],"collection":[{"href":"https:\/\/duoveo.com\/fr\/wp-json\/wp\/v2\/pages"}],"about":[{"href":"https:\/\/duoveo.com\/fr\/wp-json\/wp\/v2\/types\/page"}],"author":[{"embeddable":true,"href":"https:\/\/duoveo.com\/fr\/wp-json\/wp\/v2\/users\/10"}],"replies":[{"embeddable":true,"href":"https:\/\/duoveo.com\/fr\/wp-json\/wp\/v2\/comments?post=17084"}],"version-history":[{"count":8,"href":"https:\/\/duoveo.com\/fr\/wp-json\/wp\/v2\/pages\/17084\/revisions"}],"predecessor-version":[{"id":17119,"href":"https:\/\/duoveo.com\/fr\/wp-json\/wp\/v2\/pages\/17084\/revisions\/17119"}],"wp:attachment":[{"href":"https:\/\/duoveo.com\/fr\/wp-json\/wp\/v2\/media?parent=17084"}],"curies":[{"name":"wp","href":"https:\/\/api.w.org\/{rel}","templated":true}]}}